{"id":4905,"date":"2026-03-22T15:17:08","date_gmt":"2026-03-22T14:17:08","guid":{"rendered":"https:\/\/physio-schadi.de\/wordpress\/?page_id=4905"},"modified":"2026-03-29T23:45:34","modified_gmt":"2026-03-29T21:45:34","slug":"karriere","status":"publish","type":"page","link":"https:\/\/physio-schadi.de\/wordpress\/karriere\/","title":{"rendered":"Karriere"},"content":{"rendered":"<p>[vc_row][vc_column][vc_column_text]<\/p>\n<div><strong>Gemeinsam f\u00fcr das Wohlbefinden unserer Patienten<\/strong><\/div>\n<div>\u00a0<\/div>\n<div>\n<p>Du hast eine Leidenschaft daf\u00fcr, Menschen zu helfen und ihre Lebensqualit\u00e4t zu verbessern? Dann bist du bei uns genau richtig!<\/p>\n<p>Ob als Ergotherapeutin oder Ergotherapeut, Physiotherapeutin oder Physiotherapeut oder Logop\u00e4din oder Logop\u00e4de \u2013 bei uns findest du vielf\u00e4ltige M\u00f6glichkeiten, deine F\u00e4higkeiten einzubringen und weiterzuentwickeln.<br \/>Wir suchen engagierte und motivierte Fachkr\u00e4fte, die mit ihrer Expertise und Empathie einen positiven Einfluss auf das Leben anderer Menschen aus\u00fcben m\u00f6chten.<\/p>\n<p>Warum bei uns arbeiten? Flexibilit\u00e4t und Balance<\/p>\n<p>Wir wissen, wie wichtig ein gesundes Gleichgewicht zwischen Berufs- und Privatleben ist. Daher bieten wir dir flexible Arbeitszeiten und \u2013 wo es m\u00f6glich ist \u2013 auch die Option, teilweise remote zu arbeiten.<br \/>Das hei\u00dft: Du k\u00fcmmerst dich um deine Patienten \u2013 und wir k\u00fcmmern uns um dich.<\/p>\n<p>Unterst\u00fctzung durch ein starkes Team<br \/>Bei uns erwartet dich eine famili\u00e4re Atmosph\u00e4re, in der Zusammenarbeit und kollegiale Unterst\u00fctzung gro\u00dfgeschrieben werden.<br \/>Gemeinsam schaffen wir eine Umgebung, in der sich sowohl du als auch unsere Patienten wohlf\u00fchlen.<\/p>\n<p>Wir zahlen mehr \u2013 mit attraktiven Zusatzleistungen<br \/>Wir bieten dir nicht nur eine faire Verg\u00fctung, sondern auch betriebliche Altersvorsorge sowie weitere Benefits wie Gesundheitsprogramme und Boni.<br \/>Unser Anspruch ist klar: Du sollst bei uns mehr verdienen als bei deinem bisherigen Arbeitgeber.<br \/>Abwechslungsreiche und sinnvolle Arbeit<br \/>Du hast die M\u00f6glichkeit, Menschen in unterschiedlichen Lebenslagen zu unterst\u00fctzen und sie auf ihrem Weg zu mehr Lebensqualit\u00e4t zu begleiten \u2013 ein Job mit echtem Sinn.<\/p>\n<ul>\n<li>Interdisziplin\u00e4re Zusammenarbeit<\/li>\n<li>In unserem Team arbeitest du eng mit anderen Fachbereichen zusammen. So profitierst du von einem breiten Erfahrungshorizont und kannst deine Perspektiven stetig erweitern.<\/li>\n<li>Moderne Arbeitsbedingungen<\/li>\n<li>H\u00f6henverstellbare Schreibtische<\/li>\n<li>Ergonomische Arbeitspl\u00e4tze<\/li>\n<li>Betriebliches Gesundheitsmanagement<\/li>\n<li>Mehr Miteinander, weniger Hierarchie<\/li>\n<li>Deine Ideen z\u00e4hlen.<\/li>\n<li>Hier ziehen alle an einem Strang, statt nur von oben Anweisungen zu bekommen. Jeder kann sich einbringen, und echtes Teamwork steht im Mittelpunkt.<\/li>\n<\/ul>\n<p>Echter Support von Tag 1 an<\/p>\n<p>Du wirst nicht ins kalte Wasser geworfen.<br \/>Eine strukturierte Einarbeitung, ein pers\u00f6nlicher Mentor und ein hilfsbereites Team sorgen daf\u00fcr, dass du dich schnell zurechtfindest und dich wohlf\u00fchlst.<\/p>\n<p>Familienfreundliches Arbeitsumfeld<\/p>\n<p>Bei uns ist es selbstverst\u00e4ndlich, dass du deine Kinder bei Bedarf mit zur Arbeit bringen darfst. Wir verstehen, dass Familie und Beruf oft Hand in Hand gehen m\u00fcssen, und bieten dir die Flexibilit\u00e4t, deinen Arbeitsalltag individuell zu gestalten.<\/p>\n<h2 style=\"text-align: center;\"><strong>Schreib uns!<\/strong><\/h2>\n<h3 style=\"text-align: center;\">Sende uns einfach deinen Namen und die wichtigsten Informationen an folgende E Mail Adresse:<\/h3>\n<p>&nbsp;<\/p>\n<p style=\"text-align: center;\"><strong>\u00a0info@physio-schadi.de<\/strong><\/p>\n<h3 style=\"text-align: center;\">Wir melden uns bei dir !<\/h3>\n<p>&nbsp;<\/p>\n<\/div>\n<p>[\/vc_column_text][\/vc_column][\/vc_row]<\/p>\n","protected":false},"excerpt":{"rendered":"<p>[vc_row][vc_column][vc_column_text] Gemeinsam f\u00fcr das Wohlbefinden unserer Patienten \u00a0 Du hast eine Leidenschaft daf\u00fcr, Menschen zu helfen und ihre Lebensqualit\u00e4t zu verbessern? Dann bist du bei uns genau richtig! Ob als Ergotherapeutin oder Ergotherapeut, Physiotherapeutin oder Physiotherapeut oder Logop\u00e4din oder Logop\u00e4de \u2013 bei uns findest du vielf\u00e4ltige M\u00f6glichkeiten, deine F\u00e4higkeiten einzubringen und weiterzuentwickeln.Wir suchen engagierte und [&hellip;]<\/p>\n","protected":false},"author":1,"featured_media":0,"parent":0,"menu_order":0,"comment_status":"closed","ping_status":"closed","template":"","meta":{"footnotes":""},"class_list":["post-4905","page","type-page","status-publish","hentry"],"_links":{"self":[{"href":"https:\/\/physio-schadi.de\/wordpress\/wp-json\/wp\/v2\/pages\/4905","targetHints":{"allow":["GET"]}}],"collection":[{"href":"https:\/\/physio-schadi.de\/wordpress\/wp-json\/wp\/v2\/pages"}],"about":[{"href":"https:\/\/physio-schadi.de\/wordpress\/wp-json\/wp\/v2\/types\/page"}],"author":[{"embeddable":true,"href":"https:\/\/physio-schadi.de\/wordpress\/wp-json\/wp\/v2\/users\/1"}],"replies":[{"embeddable":true,"href":"https:\/\/physio-schadi.de\/wordpress\/wp-json\/wp\/v2\/comments?post=4905"}],"version-history":[{"count":8,"href":"https:\/\/physio-schadi.de\/wordpress\/wp-json\/wp\/v2\/pages\/4905\/revisions"}],"predecessor-version":[{"id":4914,"href":"https:\/\/physio-schadi.de\/wordpress\/wp-json\/wp\/v2\/pages\/4905\/revisions\/4914"}],"wp:attachment":[{"href":"https:\/\/physio-schadi.de\/wordpress\/wp-json\/wp\/v2\/media?parent=4905"}],"curies":[{"name":"wp","href":"https:\/\/api.w.org\/{rel}","templated":true}]}}